{"id":2464,"date":"2021-04-07T10:06:33","date_gmt":"2021-04-07T08:06:33","guid":{"rendered":"https:\/\/www.gap-plastomere.com\/privacy-policy\/"},"modified":"2021-04-07T11:13:27","modified_gmt":"2021-04-07T09:13:27","slug":"privacy-policy","status":"publish","type":"page","link":"https:\/\/www.gap-plastomere.com\/en\/privacy-policy\/","title":{"rendered":"Privacy Policy"},"content":{"rendered":"\t\t<div data-elementor-type=\"wp-page\" data-elementor-id=\"2464\" class=\"elementor elementor-2464 elementor-3\" data-elementor-post-type=\"page\">\n\t\t\t\t\t\t<section class=\"elementor-section elementor-top-section elementor-element elementor-element-ba7927d elementor-section-boxed elementor-section-height-default elementor-section-height-default\" data-id=\"ba7927d\" data-element_type=\"section\" data-e-type=\"section\" data-settings=\"{&quot;background_background&quot;:&quot;classic&quot;}\">\n\t\t\t\t\t\t<div class=\"elementor-container elementor-column-gap-default\">\n\t\t\t\t\t<div class=\"elementor-column elementor-col-100 elementor-top-column elementor-element elementor-element-28f98c73 elementor-invisible\" data-id=\"28f98c73\" data-element_type=\"column\" data-e-type=\"column\" data-settings=\"{&quot;animation&quot;:&quot;fadeIn&quot;}\">\n\t\t\t<div class=\"elementor-widget-wrap elementor-element-populated\">\n\t\t\t\t\t\t<div class=\"elementor-element elementor-element-6dc61c7b elementor-widget elementor-widget-heading\" data-id=\"6dc61c7b\" data-element_type=\"widget\" data-e-type=\"widget\" data-widget_type=\"heading.default\">\n\t\t\t\t<div class=\"elementor-widget-container\">\n\t\t\t\t\t<h1 class=\"elementor-heading-title elementor-size-large\">Privacy Policy<\/h1>\t\t\t\t<\/div>\n\t\t\t\t<\/div>\n\t\t\t\t\t<\/div>\n\t\t<\/div>\n\t\t\t\t\t<\/div>\n\t\t<\/section>\n\t\t\t\t<section class=\"elementor-section elementor-top-section elementor-element elementor-element-186c15bb elementor-section-boxed elementor-section-height-default elementor-section-height-default\" data-id=\"186c15bb\" data-element_type=\"section\" data-e-type=\"section\" data-settings=\"{&quot;background_background&quot;:&quot;classic&quot;}\">\n\t\t\t\t\t\t<div class=\"elementor-container elementor-column-gap-default\">\n\t\t\t\t\t<div class=\"elementor-column elementor-col-100 elementor-top-column elementor-element elementor-element-25f5fa67 elementor-invisible\" data-id=\"25f5fa67\" data-element_type=\"column\" data-e-type=\"column\" data-settings=\"{&quot;animation&quot;:&quot;fadeIn&quot;}\">\n\t\t\t<div class=\"elementor-widget-wrap elementor-element-populated\">\n\t\t\t\t\t\t<div class=\"elementor-element elementor-element-bfe5138 elementor-widget-divider--view-line elementor-widget elementor-widget-divider\" data-id=\"bfe5138\" data-element_type=\"widget\" data-e-type=\"widget\" data-widget_type=\"divider.default\">\n\t\t\t\t<div class=\"elementor-widget-container\">\n\t\t\t\t\t\t\t<div class=\"elementor-divider\">\n\t\t\t<span class=\"elementor-divider-separator\">\n\t\t\t\t\t\t<\/span>\n\t\t<\/div>\n\t\t\t\t\t\t<\/div>\n\t\t\t\t<\/div>\n\t\t\t\t<div class=\"elementor-element elementor-element-8ce6637 elementor-widget elementor-widget-heading\" data-id=\"8ce6637\" data-element_type=\"widget\" data-e-type=\"widget\" data-widget_type=\"heading.default\">\n\t\t\t\t<div class=\"elementor-widget-container\">\n\t\t\t\t\t<h2 class=\"elementor-heading-title elementor-size-large\">Website information<\/h2>\t\t\t\t<\/div>\n\t\t\t\t<\/div>\n\t\t\t\t<div class=\"elementor-element elementor-element-39355be8 elementor-widget elementor-widget-text-editor\" data-id=\"39355be8\" data-element_type=\"widget\" data-e-type=\"widget\" data-widget_type=\"text-editor.default\">\n\t\t\t\t<div class=\"elementor-widget-container\">\n\t\t\t\t\t\t\t\t\t<p style=\"margin-top: 0cm; background-image: initial; background-position: initial; background-size: initial; background-attachment: initial;\"><span style=\"font-size: 13.5pt; font-family: 'Montserrat',serif; color: black;\"><strong>Owner<\/strong><b> :<\/b><\/span><span style=\"font-size: 13.5pt; font-family: 'Montserrat',serif; color: black;\"> Soci\u00e9t\u00e9 GAP Plastom\u00e8re au <\/span>Chemin de Fortuneau \u2013 26200 Mont\u00e9limar &#8211; FRANCE<\/p>\n<p style=\"margin-top: 0cm; background-image: initial; background-position: initial; background-size: initial; background-attachment: initial;\"><strong><span style=\"font-size: 13.5pt; font-family: 'Montserrat',serif; color: black;\">Website creator <\/span><\/strong><b><span style=\"font-size: 13.5pt; font-family: 'Montserrat',serif; color: black;\">:<\/span><\/b><span style=\"font-size: 13.5pt; font-family: 'Montserrat',serif; color: black;\">\u00a0<a href=\"https:\/\/www.pixeldorado.net\/\" target=\"_blank\" rel=\"noopener\"><span style=\"color: #557cbf;\">PIXELDORADO<\/span><\/a>\u00a0(SAS NEXERGO)<\/span><\/p>\n<p style=\"margin-top: 0cm; background-image: initial; background-position: initial; background-size: initial; background-attachment: initial;\"><strong><span style=\"font-size: 13.5pt; font-family: 'Montserrat',serif; color: black;\">Publication Manager :<\/span><\/strong><span style=\"font-size: 13.5pt; font-family: 'Montserrat',serif; color: black;\"> Elisabeth SOUSA \u2013 elisabethsousa@gap-plastomere.com<\/span><\/p>\n<p style=\"margin-top: 0cm; background-image: initial; background-position: initial; background-size: initial; background-attachment: initial;\"><strong><span style=\"font-size: 13.5pt; font-family: 'Montserrat',serif; color: black;\">Webmaster<\/span><\/strong><b><span style=\"font-size: 13.5pt; font-family: 'Montserrat',serif; color: black;\">\u00a0:<\/span><\/b><span style=\"font-size: 13.5pt; font-family: 'Montserrat',serif; color: black;\">\u00a0Jerome Lecourtier,\u00a0<a href=\"https:\/\/www.pixeldorado.net\/\" target=\"_blank\" rel=\"noopener\"><span style=\"color: #557cbf;\">PIXELDORADO<\/span><\/a>\u00a0(SAS NEXERGO)<\/span><\/p>\n<p style=\"margin-top: 0cm; background-image: initial; background-position: initial; background-size: initial; background-attachment: initial;\"><strong><span style=\"font-size: 13.5pt; font-family: 'Montserrat',serif; color: black;\">Host <\/span><\/strong><b><span style=\"font-size: 13.5pt; font-family: 'Montserrat',serif; color: black;\">:<\/span><\/b><span style=\"font-size: 13.5pt; font-family: 'Montserrat',serif; color: black;\"> OVH<br \/>\nSAS au capital de 10 000 000 \u20ac RCS Roubaix \u2013 Tourcoing 424 761 419 00045<br \/>\nCode APE 6202A \u2013 N\u00b0 TVA : FR 22 424 761 419<br \/>\nRegistered office : 2 rue Kellermann 59100 Roubaix \u2013 France<\/span><\/p>\n<p style=\"margin-top: 0cm; background-image: initial; background-position: initial; background-size: initial; background-attachment: initial;\"><span style=\"font-size: 13.5pt; font-family: 'Montserrat',serif; color: black;\"><strong>Registered office :<\/strong> Chemin de Fortuno \u2013 26200 Mont\u00e9limar &#8211; FRANCE<\/span><\/p>\n\t\t\t\t\t\t\t\t<\/div>\n\t\t\t\t<\/div>\n\t\t\t\t<div class=\"elementor-element elementor-element-448f65f elementor-widget-divider--view-line elementor-widget elementor-widget-divider\" data-id=\"448f65f\" data-element_type=\"widget\" data-e-type=\"widget\" data-widget_type=\"divider.default\">\n\t\t\t\t<div class=\"elementor-widget-container\">\n\t\t\t\t\t\t\t<div class=\"elementor-divider\">\n\t\t\t<span class=\"elementor-divider-separator\">\n\t\t\t\t\t\t<\/span>\n\t\t<\/div>\n\t\t\t\t\t\t<\/div>\n\t\t\t\t<\/div>\n\t\t\t\t<div class=\"elementor-element elementor-element-1e41e9f7 elementor-widget elementor-widget-heading\" data-id=\"1e41e9f7\" data-element_type=\"widget\" data-e-type=\"widget\" data-widget_type=\"heading.default\">\n\t\t\t\t<div class=\"elementor-widget-container\">\n\t\t\t\t\t<h2 class=\"elementor-heading-title elementor-size-large\">Privacy Policy \/ RGPD<\/h2>\t\t\t\t<\/div>\n\t\t\t\t<\/div>\n\t\t\t\t<div class=\"elementor-element elementor-element-7e52a6c8 elementor-widget elementor-widget-text-editor\" data-id=\"7e52a6c8\" data-element_type=\"widget\" data-e-type=\"widget\" data-widget_type=\"text-editor.default\">\n\t\t\t\t<div class=\"elementor-widget-container\">\n\t\t\t\t\t\t\t\t\t<p style=\"margin-right: 0px; margin-bottom: 1.5rem; margin-left: 0px; color: #555555; font-family: Roboto; letter-spacing: 0.16px; text-align: justify;\"><strong><span style=\"font-size: 13.5pt; font-family: 'Montserrat',serif; color: #555555; letter-spacing: .1pt;\">Responsible for the processing of personal data : <\/span><\/strong><span style=\"font-size: 13.5pt; font-family: Montserrat, serif; letter-spacing: 0.1pt;\"><span style=\"font-size: 13.5pt; font-family: 'Montserrat',serif; color: black;\">Elisabeth SOUSA \u2013 elisabethsousa@gap-plastomere.com<\/span><\/span><\/p>\n<p style=\"margin-right: 0px; margin-bottom: 1.5rem; margin-left: 0px; color: #555555; font-family: Roboto; letter-spacing: 0.16px; text-align: justify;\"><b><span style=\"font-size: 13.5pt; font-family: 'Montserrat',serif; color: #555555; letter-spacing: .1pt;\"><strong>Type of data processing :<\/strong><\/span><\/b><span style=\"font-size: 13.5pt; font-family: 'Montserrat',serif; color: #555555; letter-spacing: .1pt;\"> <span title=\"Type de traitement des donn\u00e9es : Tracking Google Analytics \u00e0 des fins d\u2019analyses statistiques.\">Google Analytics tracking for statistical analysis purposes.\u00a0<\/span><span title=\"Ces donn\u00e9es sont anonymes. \">These data are anonymous.<\/span><\/span><\/p>\n<p style=\"margin-right: 0px; margin-bottom: 1.5rem; margin-left: 0px; color: #555555; font-family: Roboto; letter-spacing: 0.16px; text-align: justify;\"><span style=\"font-size: 13.5pt; font-family: 'Montserrat',serif; color: #555555; letter-spacing: .1pt;\"><strong>Purposes of the treatment :<\/strong> analysis of the site\u2019s traffic to improve the navigation on the website (detection of the most frequented pages, error pages \u2026).<\/span><\/p>\n<p style=\"margin-right: 0px; margin-bottom: 1.5rem; margin-left: 0px; color: #555555; font-family: Roboto; letter-spacing: 0.16px; text-align: justify;\"><span style=\"font-size: 13.5pt; font-family: 'Montserrat',serif; color: #555555; letter-spacing: .1pt;\"><strong>Legal basis justifying the acceptance :<\/strong><span title=\"Base l\u00e9gale justifiant l\u2019acceptation : validation explicite de l\u2019acceptation des cookies lors de l\u2019arriv\u00e9e sur le site (bandeau en bas de page).\">explicit validation of the acceptance of cookies upon arrival on the site (banner at the bottom of the page).\u00a0<\/span><span title=\"Le visiteur a la possibilit\u00e9 de refuser le suivi de sa visite \u00e0 des fins statistiques. \">The visitor has the opportunity to refuse to follow his visit for statistical purposes.<\/span><\/span><\/p>\n<p style=\"margin-right: 0px; margin-bottom: 1.5rem; margin-left: 0px; color: #555555; font-family: Roboto; letter-spacing: 0.16px; text-align: justify;\"><span style=\"font-size: 13.5pt; font-family: 'Montserrat',serif; color: #555555; letter-spacing: .1pt;\"><strong>Recipients :<\/strong> Only the company Gap Plastom\u00e8re uses this information.<\/span><\/p>\n<p style=\"margin-right: 0px; margin-bottom: 1.5rem; margin-left: 0px; color: #555555; font-family: Roboto; letter-spacing: 0.16px; text-align: justify;\"><b><span style=\"font-size: 13.5pt; font-family: 'Montserrat',serif; color: #555555; letter-spacing: .1pt;\"><strong>Data Transfer : <\/strong><\/span><\/b><span style=\"font-size: 13.5pt; font-family: 'Montserrat',serif; color: #555555; letter-spacing: .1pt;\">No transfer of this data to third country organizations or countries will be carried out.<\/span><\/p>\n<p style=\"margin-right: 0px; margin-bottom: 1.5rem; margin-left: 0px; color: #555555; font-family: Roboto; letter-spacing: 0.16px; text-align: justify;\"><b><span style=\"font-size: 13.5pt; font-family: 'Montserrat',serif; color: #555555; letter-spacing: .1pt;\"><strong>Data retention period :<\/strong><\/span><\/b><span style=\"font-size: 13.5pt; font-family: 'Montserrat',serif; color: #555555; letter-spacing: .1pt;\"> 3 years, according to the Google Analytics policy.<\/span><\/p>\n<p style=\"margin-right: 0px; margin-bottom: 1.5rem; margin-left: 0px; color: #555555; font-family: Roboto; letter-spacing: 0.16px; text-align: justify;\"><b><span style=\"font-size: 13.5pt; font-family: 'Montserrat',serif; color: #555555; letter-spacing: .1pt;\"><strong>Access \/ changes of personal data <\/strong>:<\/span><\/b><span style=\"font-size: 13.5pt; font-family: 'Montserrat',serif; color: #555555; letter-spacing: .1pt;\"> <span title=\"Acc\u00e8s \/ modifications des donn\u00e9es personnelles : aucune donn\u00e9e nominative n\u2019est conserv\u00e9e.\">no personal data is kept.\u00a0<\/span><span title=\"Pour toute question ou demande, merci d\u2019utiliser le formulaire de contact. \">For any question or request, thank you for using the contact form.<\/span><\/span><\/p>\n<p style=\"margin-right: 0px; margin-bottom: 1.5rem; margin-left: 0px; color: #555555; font-family: Roboto; letter-spacing: 0.16px; text-align: justify;\"><span style=\"font-size: 13.5pt; font-family: 'Montserrat',serif; color: #555555; letter-spacing: .1pt;\"><strong>Security measure implemented :<\/strong> switch to the secure https protocol.<\/span><\/p>\n<p style=\"margin-right: 0px; margin-bottom: 1.5rem; margin-left: 0px; color: #555555; font-family: Roboto; letter-spacing: 0.16px; text-align: justify;\"><b><span style=\"font-size: 13.5pt; font-family: 'Montserrat',serif; color: #555555; letter-spacing: .1pt;\"><strong>Additional information :<\/strong><\/span><\/b><span style=\"font-size: 13.5pt; font-family: 'Montserrat',serif; color: #555555; letter-spacing: .1pt;\">The publication of comments (reaction to articles) is not allowed on this site.<\/span><\/p>\n\t\t\t\t\t\t\t\t<\/div>\n\t\t\t\t<\/div>\n\t\t\t\t<div class=\"elementor-element elementor-element-4c37a96 elementor-widget-divider--view-line elementor-widget elementor-widget-divider\" data-id=\"4c37a96\" data-element_type=\"widget\" data-e-type=\"widget\" data-widget_type=\"divider.default\">\n\t\t\t\t<div class=\"elementor-widget-container\">\n\t\t\t\t\t\t\t<div class=\"elementor-divider\">\n\t\t\t<span class=\"elementor-divider-separator\">\n\t\t\t\t\t\t<\/span>\n\t\t<\/div>\n\t\t\t\t\t\t<\/div>\n\t\t\t\t<\/div>\n\t\t\t\t<div class=\"elementor-element elementor-element-1e3f6509 elementor-widget elementor-widget-heading\" data-id=\"1e3f6509\" data-element_type=\"widget\" data-e-type=\"widget\" data-widget_type=\"heading.default\">\n\t\t\t\t<div class=\"elementor-widget-container\">\n\t\t\t\t\t<h2 class=\"elementor-heading-title elementor-size-default\">Services provided by the site<\/h2>\t\t\t\t<\/div>\n\t\t\t\t<\/div>\n\t\t\t\t<div class=\"elementor-element elementor-element-40281d43 elementor-widget elementor-widget-text-editor\" data-id=\"40281d43\" data-element_type=\"widget\" data-e-type=\"widget\" data-widget_type=\"text-editor.default\">\n\t\t\t\t<div class=\"elementor-widget-container\">\n\t\t\t\t\t\t\t\t\t<p style=\"text-align: justify; background-image: initial; background-position: initial; background-size: initial; background-attachment: initial;\"><span style=\"font-size: 13.5pt; font-family: 'Montserrat',serif; color: #555555; letter-spacing: .1pt;\">The aim of the <strong>gap-plastomere.com<\/strong> <span title=\"Le site milanconsulting.eu a pour objet de fournir des informations concernant l\u2019ensemble des activit\u00e9s de la soci\u00e9t\u00e9.\">website is to provide information about all the company\u2019s activities.\u00a0<\/span><span title=\"Toutefois, il ne pourra \u00eatre tenu responsable des omissions, des inexactitudes et des carences dans la mise \u00e0 jour, qu\u2019elles soient de son fait ou du fait des tiers partenaires qui lui fournissent ces informations. \">However, he can not be held responsible for omissions, inaccuracies and deficiencies in the update, whether by him or the third party partners who provide this information.<\/span><\/span><\/p>\n<p style=\"text-align: justify; background-image: initial; background-position: initial; background-size: initial; background-attachment: initial;\"><span style=\"font-size: 13.5pt; font-family: 'Montserrat',serif; color: #555555; letter-spacing: .1pt;\">All information indicated on the site <strong>gap-plastomere.com<\/strong> are given as an indication, and are subject to change. Furthermore, the information on the <strong>gap-plastomere.com<\/strong> <span title=\"Par ailleurs, les renseignements figurant sur le site milanconsulting.eu ne sont pas exhaustifs.\">website is not exhaustive.\u00a0<\/span><span title=\"Ils sont donn\u00e9s sous r\u00e9serve de modifications ayant \u00e9t\u00e9 apport\u00e9es depuis leur mise en ligne. \">They are given subject to modifications having been made since they went on line.<\/span><\/span><\/p>\n<p style=\"text-align: justify; background-image: initial; background-position: initial; background-size: initial; background-attachment: initial;\"><span style=\"font-size: 13.5pt; font-family: 'Montserrat',serif; color: #555555; letter-spacing: .1pt;\">The website can not be held responsible for material damage related to its use.<\/span><\/p>\n\t\t\t\t\t\t\t\t<\/div>\n\t\t\t\t<\/div>\n\t\t\t\t<div class=\"elementor-element elementor-element-9ac203b elementor-widget-divider--view-line elementor-widget elementor-widget-divider\" data-id=\"9ac203b\" data-element_type=\"widget\" data-e-type=\"widget\" data-widget_type=\"divider.default\">\n\t\t\t\t<div class=\"elementor-widget-container\">\n\t\t\t\t\t\t\t<div class=\"elementor-divider\">\n\t\t\t<span class=\"elementor-divider-separator\">\n\t\t\t\t\t\t<\/span>\n\t\t<\/div>\n\t\t\t\t\t\t<\/div>\n\t\t\t\t<\/div>\n\t\t\t\t<div class=\"elementor-element elementor-element-7629fe elementor-widget elementor-widget-heading\" data-id=\"7629fe\" data-element_type=\"widget\" data-e-type=\"widget\" data-widget_type=\"heading.default\">\n\t\t\t\t<div class=\"elementor-widget-container\">\n\t\t\t\t\t<h2 class=\"elementor-heading-title elementor-size-default\">Intellectual property<\/h2>\t\t\t\t<\/div>\n\t\t\t\t<\/div>\n\t\t\t\t<div class=\"elementor-element elementor-element-1a2e0bc2 elementor-widget elementor-widget-text-editor\" data-id=\"1a2e0bc2\" data-element_type=\"widget\" data-e-type=\"widget\" data-widget_type=\"text-editor.default\">\n\t\t\t\t<div class=\"elementor-widget-container\">\n\t\t\t\t\t\t\t\t\t<p style=\"text-align: justify; background-image: initial; background-position: initial; background-size: initial; background-attachment: initial;\"><span style=\"font-size: 13.5pt; font-family: 'Montserrat',serif; color: #555555; letter-spacing: .1pt;\">GAP Plastom\u00e8re owns the intellectual property rights or holds the rights to use all the items available on the site, including text, images, graphics, logos, icons, sounds, software.<\/span><\/p>\n<p style=\"text-align: justify; background-image: initial; background-position: initial; background-size: initial; background-attachment: initial;\"><span style=\"font-size: 13.5pt; font-family: 'Montserrat',serif; color: #555555; letter-spacing: .1pt;\">Any reproduction, representation, modification, publication, adaptation of all or part of the elements of the site, regardless of the means or process used, is prohibited without the prior written permission of GAP Plastom\u00e8re.<\/span><\/p>\n<p style=\"text-align: justify; background-image: initial; background-position: initial; background-size: initial; background-attachment: initial;\"><span style=\"font-size: 13.5pt; font-family: 'Montserrat',serif; color: #555555; letter-spacing: .1pt;\">Any unauthorized use of the site or any of the elements it contains will be considered as constituting an infringement and prosecuted in accordance with the provisions of Articles L.335-2 and following of the Code of Intellectual Property.<\/span><\/p>\n\t\t\t\t\t\t\t\t<\/div>\n\t\t\t\t<\/div>\n\t\t\t\t<div class=\"elementor-element elementor-element-46688c7 elementor-widget-divider--view-line elementor-widget elementor-widget-divider\" data-id=\"46688c7\" data-element_type=\"widget\" data-e-type=\"widget\" data-widget_type=\"divider.default\">\n\t\t\t\t<div class=\"elementor-widget-container\">\n\t\t\t\t\t\t\t<div class=\"elementor-divider\">\n\t\t\t<span class=\"elementor-divider-separator\">\n\t\t\t\t\t\t<\/span>\n\t\t<\/div>\n\t\t\t\t\t\t<\/div>\n\t\t\t\t<\/div>\n\t\t\t\t<div class=\"elementor-element elementor-element-1ef0b6bf elementor-widget elementor-widget-heading\" data-id=\"1ef0b6bf\" data-element_type=\"widget\" data-e-type=\"widget\" data-widget_type=\"heading.default\">\n\t\t\t\t<div class=\"elementor-widget-container\">\n\t\t\t\t\t<h2 class=\"elementor-heading-title elementor-size-default\">Applicable right<\/h2>\t\t\t\t<\/div>\n\t\t\t\t<\/div>\n\t\t\t\t<div class=\"elementor-element elementor-element-24f6e526 elementor-widget elementor-widget-text-editor\" data-id=\"24f6e526\" data-element_type=\"widget\" data-e-type=\"widget\" data-widget_type=\"text-editor.default\">\n\t\t\t\t<div class=\"elementor-widget-container\">\n\t\t\t\t\t\t\t\t\t<p class=\"MsoNormal\"><span style=\"font-size: 13.5pt; line-height: 107%; font-family: Montserrat, serif; color: #555555; letter-spacing: 0.1pt; background-image: initial; background-position: initial; background-size: initial; background-attachment: initial;\">Any dispute in connection with the use of the site <span style=\"font-size: 13.5pt; font-family: 'Montserrat',serif; color: #555555; letter-spacing: .1pt;\">gap-plastomere.com<\/span> is subject to French law.<\/span><\/p>\n\t\t\t\t\t\t\t\t<\/div>\n\t\t\t\t<\/div>\n\t\t\t\t\t<\/div>\n\t\t<\/div>\n\t\t\t\t\t<\/div>\n\t\t<\/section>\n\t\t\t\t<\/div>\n\t\t","protected":false},"excerpt":{"rendered":"<p>Privacy Policy Website information Owner : Soci\u00e9t\u00e9 GAP Plastom\u00e8re au Chemin de Fortuneau \u2013 26200 Mont\u00e9limar &#8211; FRANCE Website creator :\u00a0PIXELDORADO\u00a0(SAS NEXERGO) Publication Manager : Elisabeth SOUSA \u2013 elisabethsousa@gap-plastomere.com Webmaster\u00a0:\u00a0Jerome Lecourtier,\u00a0PIXELDORADO\u00a0(SAS NEXERGO) Host : OVH SAS au capital de 10 000 000 \u20ac RCS Roubaix \u2013 Tourcoing 424 761 419 00045 Code APE 6202A \u2013 [&hellip;]<\/p>\n","protected":false},"author":1,"featured_media":2157,"parent":0,"menu_order":0,"comment_status":"closed","ping_status":"open","template":"","meta":{"footnotes":""},"class_list":["post-2464","page","type-page","status-publish","has-post-thumbnail","hentry"],"_links":{"self":[{"href":"https:\/\/www.gap-plastomere.com\/en\/wp-json\/wp\/v2\/pages\/2464","targetHints":{"allow":["GET"]}}],"collection":[{"href":"https:\/\/www.gap-plastomere.com\/en\/wp-json\/wp\/v2\/pages"}],"about":[{"href":"https:\/\/www.gap-plastomere.com\/en\/wp-json\/wp\/v2\/types\/page"}],"author":[{"embeddable":true,"href":"https:\/\/www.gap-plastomere.com\/en\/wp-json\/wp\/v2\/users\/1"}],"replies":[{"embeddable":true,"href":"https:\/\/www.gap-plastomere.com\/en\/wp-json\/wp\/v2\/comments?post=2464"}],"version-history":[{"count":4,"href":"https:\/\/www.gap-plastomere.com\/en\/wp-json\/wp\/v2\/pages\/2464\/revisions"}],"predecessor-version":[{"id":2486,"href":"https:\/\/www.gap-plastomere.com\/en\/wp-json\/wp\/v2\/pages\/2464\/revisions\/2486"}],"wp:featuredmedia":[{"embeddable":true,"href":"https:\/\/www.gap-plastomere.com\/en\/wp-json\/wp\/v2\/media\/2157"}],"wp:attachment":[{"href":"https:\/\/www.gap-plastomere.com\/en\/wp-json\/wp\/v2\/media?parent=2464"}],"curies":[{"name":"wp","href":"https:\/\/api.w.org\/{rel}","templated":true}]}}